{"id":1611,"date":"2024-04-08T10:30:54","date_gmt":"2024-04-08T10:30:54","guid":{"rendered":"https:\/\/ergocraft.vamtam.com\/?page_id=1611"},"modified":"2026-03-03T19:45:21","modified_gmt":"2026-03-03T18:45:21","slug":"sobre-nosotros","status":"publish","type":"page","link":"https:\/\/zcjewelryshop.com\/en\/sobre-nosotros\/","title":{"rendered":"About Us"},"content":{"rendered":"\t\t<div data-elementor-type=\"wp-page\" data-elementor-id=\"1611\" class=\"elementor elementor-1611\" data-elementor-post-type=\"page\">\n\t\t\t\t<div class=\"elementor-element elementor-element-b9ae3e1 e-flex e-con-boxed e-con e-parent\" data-id=\"b9ae3e1\" data-element_type=\"container\" data-e-type=\"container\">\n\t\t\t\t\t<div class=\"e-con-inner\">\n\t\t<div class=\"elementor-element elementor-element-e22439a e-con-full e-flex e-con e-child\" data-id=\"e22439a\" data-element_type=\"container\" data-e-type=\"container\" data-settings=\"{&quot;background_background&quot;:&quot;classic&quot;}\">\n\t\t<div class=\"elementor-element elementor-element-f072655 e-con-full e-flex e-con e-child\" data-id=\"f072655\" data-element_type=\"container\" data-e-type=\"container\">\n\t\t\t\t<div class=\"elementor-element elementor-element-1dfcac1 elementor-widget elementor-widget-heading\" data-id=\"1dfcac1\" data-element_type=\"widget\" data-e-type=\"widget\" data-settings=\"{&quot;_animation&quot;:&quot;none&quot;}\" data-widget_type=\"heading.default\">\n\t\t\t\t<div class=\"elementor-widget-container\">\n\t\t\t\t\t<h2 class=\"elementor-heading-title elementor-size-default\">Sobre Nosotros<\/h2>\t\t\t\t<\/div>\n\t\t\t\t<\/div>\n\t\t\t\t<div class=\"vamtam-has-theme-widget-styles elementor-element elementor-element-8cbcbec elementor-widget elementor-widget-text-editor\" data-id=\"8cbcbec\" data-element_type=\"widget\" data-e-type=\"widget\" data-widget_type=\"text-editor.default\">\n\t\t\t\t<div class=\"elementor-widget-container\">\n\t\t\t\t\t\t\t\t\t<p data-path-to-node=\"4\"><b data-path-to-node=\"4\" data-index-in-node=\"0\">Nuestra Esencia<\/b> Nacimos de la pasi\u00f3n por la joyer\u00eda que trasciende lo est\u00e9tico; creemos que una pieza de oro no solo adorna la piel, sino que act\u00faa como un guardi\u00e1n de historias y momentos inolvidables. Nuestra curadur\u00eda se inspira en la elegancia natural de quienes buscan distinguir su presencia con piezas que hablen de su car\u00e1cter y sofisticaci\u00f3n.<\/p><p data-path-to-node=\"5\"><b data-path-to-node=\"5\" data-index-in-node=\"0\">El Est\u00e1ndar del Oro Italiano<\/b> La excelencia es nuestra \u00fanica medida. Seleccionamos cuidadosamente cada una de nuestras piezas directamente en los talleres m\u00e1s prestigiosos de Italia, cuna de la joyer\u00eda mundial. Cada gramo de <b data-path-to-node=\"5\" data-index-in-node=\"224\">oro de 18 quilates<\/b> es verificado para garantizar los est\u00e1ndares m\u00e1s altos de pureza, brillo y durabilidad. Al elegir oro de 18k, ofrecemos el equilibrio perfecto entre la riqueza del metal precioso y la resistencia necesaria para que tu joya sea eterna.<\/p><p data-path-to-node=\"6\"><b data-path-to-node=\"6\" data-index-in-node=\"0\">Nuestro Compromiso<\/b> Para nosotros, una joya es m\u00e1s que un accesorio; es una inversi\u00f3n en tu legado personal y una expresi\u00f3n de arte viva. Nos dedicamos a curar colecciones exclusivas que logran equilibrar con maestr\u00eda la audacia del dise\u00f1o contempor\u00e1neo con la delicadeza t\u00e9cnica de la artesan\u00eda europea. Nuestra misi\u00f3n es acompa\u00f1arte en el descubrimiento de piezas que no solo iluminen tu exterior, sino que resuenen con tu luz interior.<\/p>\t\t\t\t\t\t\t\t<\/div>\n\t\t\t\t<\/div>\n\t\t\t\t<\/div>\n\t\t\t\t<\/div>\n\t\t<div class=\"elementor-element elementor-element-bed319f e-con-full e-flex e-con e-child\" data-id=\"bed319f\" data-element_type=\"container\" data-e-type=\"container\" data-settings=\"{&quot;background_background&quot;:&quot;classic&quot;,&quot;background_motion_fx_motion_fx_scrolling&quot;:&quot;yes&quot;,&quot;background_motion_fx_scale_effect&quot;:&quot;yes&quot;,&quot;background_motion_fx_scale_direction&quot;:&quot;in-out&quot;,&quot;background_motion_fx_scale_speed&quot;:{&quot;unit&quot;:&quot;px&quot;,&quot;size&quot;:2,&quot;sizes&quot;:[]},&quot;background_motion_fx_scale_range&quot;:{&quot;unit&quot;:&quot;%&quot;,&quot;size&quot;:&quot;&quot;,&quot;sizes&quot;:{&quot;start&quot;:10,&quot;end&quot;:70}},&quot;background_motion_fx_devices&quot;:[&quot;desktop&quot;]}\">\n\t\t\t\t<\/div>\n\t\t\t\t\t<\/div>\n\t\t\t\t<\/div>\n\t\t<div class=\"elementor-element elementor-element-7c48cde e-flex e-con-boxed e-con e-parent\" data-id=\"7c48cde\" data-element_type=\"container\" data-e-type=\"container\">\n\t\t\t\t\t<div class=\"e-con-inner\">\n\t\t\t\t<div class=\"vamtam-has-theme-widget-styles elementor-element elementor-element-091ad63 elementor-widget__width-inherit elementor-invisible elementor-widget elementor-widget-text-editor\" data-id=\"091ad63\" data-element_type=\"widget\" data-e-type=\"widget\" data-settings=\"{&quot;_animation&quot;:&quot;fadeIn&quot;,&quot;_animation_tablet&quot;:&quot;none&quot;,&quot;_animation_delay&quot;:200}\" data-widget_type=\"text-editor.default\">\n\t\t\t\t<div class=\"elementor-widget-container\">\n\t\t\t\t\t\t\t\t\t<p>El Arte del Oro Italiano. Elevamos tu esencia con la pureza del oro de 18k y dise\u00f1os que trascienden generaciones.<\/p>\t\t\t\t\t\t\t\t<\/div>\n\t\t\t\t<\/div>\n\t\t\t\t\t<\/div>\n\t\t\t\t<\/div>\n\t\t\t\t<\/div>\n\t\t","protected":false},"excerpt":{"rendered":"<p>Transforming furniture shopping from expensive design trends to something more meaningful.<\/p>","protected":false},"author":1,"featured_media":0,"parent":0,"menu_order":0,"comment_status":"closed","ping_status":"closed","template":"","meta":{"footnotes":""},"class_list":["post-1611","page","type-page","status-publish","hentry"],"_links":{"self":[{"href":"https:\/\/zcjewelryshop.com\/en\/wp-json\/wp\/v2\/pages\/1611","targetHints":{"allow":["GET"]}}],"collection":[{"href":"https:\/\/zcjewelryshop.com\/en\/wp-json\/wp\/v2\/pages"}],"about":[{"href":"https:\/\/zcjewelryshop.com\/en\/wp-json\/wp\/v2\/types\/page"}],"author":[{"embeddable":true,"href":"https:\/\/zcjewelryshop.com\/en\/wp-json\/wp\/v2\/users\/1"}],"replies":[{"embeddable":true,"href":"https:\/\/zcjewelryshop.com\/en\/wp-json\/wp\/v2\/comments?post=1611"}],"version-history":[{"count":8,"href":"https:\/\/zcjewelryshop.com\/en\/wp-json\/wp\/v2\/pages\/1611\/revisions"}],"predecessor-version":[{"id":987991,"href":"https:\/\/zcjewelryshop.com\/en\/wp-json\/wp\/v2\/pages\/1611\/revisions\/987991"}],"wp:attachment":[{"href":"https:\/\/zcjewelryshop.com\/en\/wp-json\/wp\/v2\/media?parent=1611"}],"curies":[{"name":"wp","href":"https:\/\/api.w.org\/{rel}","templated":true}]}}