{"id":3,"date":"2024-02-29T21:22:30","date_gmt":"2024-02-29T21:22:30","guid":{"rendered":"https:\/\/ergocraft.vamtam.com\/?page_id=3"},"modified":"2026-03-03T15:51:26","modified_gmt":"2026-03-03T14:51:26","slug":"politica-de-privacidad","status":"publish","type":"page","link":"https:\/\/zcjewelryshop.com\/en\/politica-de-privacidad\/","title":{"rendered":"Privacy Policy"},"content":{"rendered":"<div data-elementor-type=\"wp-page\" data-elementor-id=\"3\" class=\"elementor elementor-3\" data-elementor-post-type=\"page\">\n\t\t\t\t<div class=\"elementor-element elementor-element-aff8402 e-flex e-con-boxed e-con e-parent\" data-id=\"aff8402\" data-element_type=\"container\" data-e-type=\"container\">\n\t\t\t\t\t<div class=\"e-con-inner\">\n\t\t\t\t<div class=\"elementor-element elementor-element-0a6c08d elementor-widget elementor-widget-heading\" data-id=\"0a6c08d\" data-element_type=\"widget\" data-e-type=\"widget\" data-widget_type=\"heading.default\">\n\t\t\t\t<div class=\"elementor-widget-container\">\n\t\t\t\t\t<h3 class=\"elementor-heading-title elementor-size-default\">\u00bfQu\u00e9 informaci\u00f3n recopilamos?<\/h3>\t\t\t\t<\/div>\n\t\t\t\t<\/div>\n\t\t\t\t<div class=\"vamtam-has-theme-widget-styles elementor-element elementor-element-b931163 elementor-widget elementor-widget-text-editor\" data-id=\"b931163\" data-element_type=\"widget\" data-e-type=\"widget\" data-widget_type=\"text-editor.default\">\n\t\t\t\t<div class=\"elementor-widget-container\">\n\t\t\t\t\t\t\t\t\t<p>Cuando interact\u00faa con nosotros, podemos recopilar su nombre, direcci\u00f3n, direcciones de correo electr\u00f3nico, n\u00fameros de tel\u00e9fono y, cuando corresponda, fecha de nacimiento.<\/p>\t\t\t\t\t\t\t\t<\/div>\n\t\t\t\t<\/div>\n\t\t\t\t<div class=\"elementor-element elementor-element-da237ad elementor-widget-divider--view-line elementor-widget elementor-widget-divider\" data-id=\"da237ad\" data-element_type=\"widget\" data-e-type=\"widget\" data-widget_type=\"divider.default\">\n\t\t\t\t<div class=\"elementor-widget-container\">\n\t\t\t\t\t\t\t<div class=\"elementor-divider\">\n\t\t\t<span class=\"elementor-divider-separator\">\n\t\t\t\t\t\t<\/span>\n\t\t<\/div>\n\t\t\t\t\t\t<\/div>\n\t\t\t\t<\/div>\n\t\t\t\t<div class=\"elementor-element elementor-element-3cb316b elementor-widget elementor-widget-heading\" data-id=\"3cb316b\" data-element_type=\"widget\" data-e-type=\"widget\" data-widget_type=\"heading.default\">\n\t\t\t\t<div class=\"elementor-widget-container\">\n\t\t\t\t\t<h3 class=\"elementor-heading-title elementor-size-default\">\u00bfC\u00f3mo recopilamos informaci\u00f3n?<\/h3>\t\t\t\t<\/div>\n\t\t\t\t<\/div>\n\t\t\t\t<div class=\"vamtam-has-theme-widget-styles elementor-element elementor-element-6798010 elementor-widget elementor-widget-text-editor\" data-id=\"6798010\" data-element_type=\"widget\" data-e-type=\"widget\" data-widget_type=\"text-editor.default\">\n\t\t\t\t<div class=\"elementor-widget-container\">\n\t\t\t\t\t\t\t\t\t<p>Podemos recopilar informaci\u00f3n sobre usted cada vez que interact\u00faa con nosotros. Por ejemplo, cuando nos contacta para informarnos sobre nuestras actividades, se registra como colaborador, env\u00eda o recibe informaci\u00f3n o firma una petici\u00f3n, nos proporciona su informaci\u00f3n personal de forma espec\u00edfica y consciente. Tambi\u00e9n podemos recibir informaci\u00f3n sobre usted de terceros, pero solo si les ha dado permiso para compartirla.<\/p>\t\t\t\t\t\t\t\t<\/div>\n\t\t\t\t<\/div>\n\t\t\t\t<div class=\"elementor-element elementor-element-9747239 elementor-widget-divider--view-line elementor-widget elementor-widget-divider\" data-id=\"9747239\" data-element_type=\"widget\" data-e-type=\"widget\" data-widget_type=\"divider.default\">\n\t\t\t\t<div class=\"elementor-widget-container\">\n\t\t\t\t\t\t\t<div class=\"elementor-divider\">\n\t\t\t<span class=\"elementor-divider-separator\">\n\t\t\t\t\t\t<\/span>\n\t\t<\/div>\n\t\t\t\t\t\t<\/div>\n\t\t\t\t<\/div>\n\t\t\t\t<div class=\"elementor-element elementor-element-77234d0 elementor-widget elementor-widget-heading\" data-id=\"77234d0\" data-element_type=\"widget\" data-e-type=\"widget\" data-widget_type=\"heading.default\">\n\t\t\t\t<div class=\"elementor-widget-container\">\n\t\t\t\t\t<h3 class=\"elementor-heading-title elementor-size-default\">Confidencialidad<\/h3>\t\t\t\t<\/div>\n\t\t\t\t<\/div>\n\t\t\t\t<div class=\"vamtam-has-theme-widget-styles elementor-element elementor-element-4b44975 elementor-widget elementor-widget-text-editor\" data-id=\"4b44975\" data-element_type=\"widget\" data-e-type=\"widget\" data-widget_type=\"text-editor.default\">\n\t\t\t\t<div class=\"elementor-widget-container\">\n\t\t\t\t\t\t\t\t\t<p>No seremos responsables de la privacidad de los datos recopilados por sitios web que no sean propiedad ni est\u00e9n administrados por Charity, incluidos aquellos vinculados a trav\u00e9s de nuestro sitio web.<\/p>\t\t\t\t\t\t\t\t<\/div>\n\t\t\t\t<\/div>\n\t\t\t\t<div class=\"elementor-element elementor-element-7cf7568 elementor-widget-divider--view-line elementor-widget elementor-widget-divider\" data-id=\"7cf7568\" data-element_type=\"widget\" data-e-type=\"widget\" data-widget_type=\"divider.default\">\n\t\t\t\t<div class=\"elementor-widget-container\">\n\t\t\t\t\t\t\t<div class=\"elementor-divider\">\n\t\t\t<span class=\"elementor-divider-separator\">\n\t\t\t\t\t\t<\/span>\n\t\t<\/div>\n\t\t\t\t\t\t<\/div>\n\t\t\t\t<\/div>\n\t\t\t\t<div class=\"elementor-element elementor-element-eae22fb elementor-widget elementor-widget-heading\" data-id=\"eae22fb\" data-element_type=\"widget\" data-e-type=\"widget\" data-widget_type=\"heading.default\">\n\t\t\t\t<div class=\"elementor-widget-container\">\n\t\t\t\t\t<h3 class=\"elementor-heading-title elementor-size-default\">Presentar una queja<\/h3>\t\t\t\t<\/div>\n\t\t\t\t<\/div>\n\t\t\t\t<div class=\"vamtam-has-theme-widget-styles elementor-element elementor-element-b55a924 elementor-widget elementor-widget-text-editor\" data-id=\"b55a924\" data-element_type=\"widget\" data-e-type=\"widget\" data-widget_type=\"text-editor.default\">\n\t\t\t\t<div class=\"elementor-widget-container\">\n\t\t\t\t\t\t\t\t\t<p>Si no est\u00e1 satisfecho con la respuesta, cont\u00e1ctenos a info@zcjewelryshop.com con los detalles de su inquietud. Revisaremos su queja, investigaremos si se han seguido los procedimientos correctos y le responderemos seg\u00fan corresponda. Nuestro objetivo es completar esta investigaci\u00f3n dentro de los 15 d\u00edas h\u00e1biles siguientes a la recepci\u00f3n de su queja; sin embargo, en algunos casos, puede tardar m\u00e1s. Si a\u00fan no est\u00e1 satisfecho con la respuesta, puede contactarnos.<\/p>\t\t\t\t\t\t\t\t<\/div>\n\t\t\t\t<\/div>\n\t\t\t\t\t<\/div>\n\t\t\t\t<\/div>\n\t\t\t\t<\/div>","protected":false},"excerpt":{"rendered":"<p>\u00bfQu\u00e9 informaci\u00f3n recopilamos? Cuando interact\u00faa con nosotros, podemos recopilar su nombre, direcci\u00f3n, direcciones de correo electr\u00f3nico, n\u00fameros de tel\u00e9fono y, cuando corresponda, fecha de nacimiento. \u00bfC\u00f3mo recopilamos informaci\u00f3n? Podemos recopilar informaci\u00f3n sobre usted cada vez que interact\u00faa con nosotros. Por ejemplo, cuando nos contacta para informarnos sobre nuestras actividades, se registra como colaborador, env\u00eda o&#8230;<\/p>","protected":false},"author":1,"featured_media":0,"parent":0,"menu_order":0,"comment_status":"closed","ping_status":"closed","template":"","meta":{"footnotes":""},"class_list":["post-3","page","type-page","status-publish","hentry"],"_links":{"self":[{"href":"https:\/\/zcjewelryshop.com\/en\/wp-json\/wp\/v2\/pages\/3","targetHints":{"allow":["GET"]}}],"collection":[{"href":"https:\/\/zcjewelryshop.com\/en\/wp-json\/wp\/v2\/pages"}],"about":[{"href":"https:\/\/zcjewelryshop.com\/en\/wp-json\/wp\/v2\/types\/page"}],"author":[{"embeddable":true,"href":"https:\/\/zcjewelryshop.com\/en\/wp-json\/wp\/v2\/users\/1"}],"replies":[{"embeddable":true,"href":"https:\/\/zcjewelryshop.com\/en\/wp-json\/wp\/v2\/comments?post=3"}],"version-history":[{"count":4,"href":"https:\/\/zcjewelryshop.com\/en\/wp-json\/wp\/v2\/pages\/3\/revisions"}],"predecessor-version":[{"id":987911,"href":"https:\/\/zcjewelryshop.com\/en\/wp-json\/wp\/v2\/pages\/3\/revisions\/987911"}],"wp:attachment":[{"href":"https:\/\/zcjewelryshop.com\/en\/wp-json\/wp\/v2\/media?parent=3"}],"curies":[{"name":"wp","href":"https:\/\/api.w.org\/{rel}","templated":true}]}}